{"id":495,"date":"2024-08-06T00:38:20","date_gmt":"2024-08-06T00:38:20","guid":{"rendered":"https:\/\/unavuelta.studio\/?page_id=495"},"modified":"2024-08-06T00:41:51","modified_gmt":"2024-08-06T00:41:51","slug":"wafaa-bilal","status":"publish","type":"page","link":"https:\/\/unavuelta.studio\/index.php\/wafaa-bilal\/","title":{"rendered":"Wafaa Bilal"},"content":{"rendered":"\n<p>Branding ficticio para el M.I.C. sobre Wafaa Bilal (performer)<\/p>\n\n\n\n<h1 class=\"wp-block-heading\">Dise\u00f1o gr\u00e1fico en logro\u00f1o.<\/h1>\n\n\n\n<h1 class=\"wp-block-heading\">Branding, Packaging, Dise\u00f1o web y Redes Sociales<\/h1>\n","protected":false},"excerpt":{"rendered":"<p>Branding ficticio para el M.I.C. sobre Wafaa Bilal (performer) Dise\u00f1o gr\u00e1fico en logro\u00f1o. Branding, Packaging, Dise\u00f1o web y Redes Sociales<\/p>\n","protected":false},"author":2,"featured_media":0,"parent":0,"menu_order":0,"comment_status":"closed","ping_status":"closed","template":"","meta":{"_monsterinsights_skip_tracking":false,"_monsterinsights_sitenote_active":false,"_monsterinsights_sitenote_note":"","_monsterinsights_sitenote_category":0,"footnotes":""},"class_list":["post-495","page","type-page","status-publish","hentry"],"aioseo_notices":[],"jetpack_sharing_enabled":true,"_links":{"self":[{"href":"https:\/\/unavuelta.studio\/index.php\/wp-json\/wp\/v2\/pages\/495","targetHints":{"allow":["GET"]}}],"collection":[{"href":"https:\/\/unavuelta.studio\/index.php\/wp-json\/wp\/v2\/pages"}],"about":[{"href":"https:\/\/unavuelta.studio\/index.php\/wp-json\/wp\/v2\/types\/page"}],"author":[{"embeddable":true,"href":"https:\/\/unavuelta.studio\/index.php\/wp-json\/wp\/v2\/users\/2"}],"replies":[{"embeddable":true,"href":"https:\/\/unavuelta.studio\/index.php\/wp-json\/wp\/v2\/comments?post=495"}],"version-history":[{"count":3,"href":"https:\/\/unavuelta.studio\/index.php\/wp-json\/wp\/v2\/pages\/495\/revisions"}],"predecessor-version":[{"id":1508,"href":"https:\/\/unavuelta.studio\/index.php\/wp-json\/wp\/v2\/pages\/495\/revisions\/1508"}],"wp:attachment":[{"href":"https:\/\/unavuelta.studio\/index.php\/wp-json\/wp\/v2\/media?parent=495"}],"curies":[{"name":"wp","href":"https:\/\/api.w.org\/{rel}","templated":true}]}}